{"id":6501,"date":"2020-10-22T13:32:24","date_gmt":"2020-10-22T11:32:24","guid":{"rendered":"https:\/\/www.mgsalutintegral.com\/?page_id=6501"},"modified":"2026-01-04T22:31:58","modified_gmt":"2026-01-04T21:31:58","slug":"qui-som","status":"publish","type":"page","link":"https:\/\/www.mgsalutintegral.com\/ca\/qui-som\/","title":{"rendered":"Qui som?"},"content":{"rendered":"<div class=\"wpb-content-wrapper\"><p>[vc_row gap=&#8221;30&#8243; content_placement=&#8221;middle&#8221; row_content_width=&#8221;grid&#8221; css=&#8221;.vc_custom_1599215140588{margin-top: 90px !important;margin-bottom: 60px !important;}&#8221;][vc_column width=&#8221;1\/2&#8243;][vc_column_text]<\/p>\n<h3>Benvingut a MG Salut Integral<\/h3>\n<h4>T\u2019ajudam a millorar en salut i a guanyar qualitat de vida mitjan\u00e7ant l\u2019an\u00e0lisi, el diagn\u00f2stic i el tractament personalitzat.<\/h4>\n<p>[\/vc_column_text][vc_empty_space height=&#8221;25px&#8221;]<a itemprop=\"url\" href=\"https:\/\/www.mgsalutintegral.com\/ca\/contacte\/\" target=\"_self\"  class=\"mkdf-btn mkdf-btn-medium mkdf-btn-solid mkdf-btn-custom-hover-bg mkdf-btn-custom-border-hover\" data-hover-bg-color=\"#f8464f\" data-hover-border-color=\"#f8464f\" >\n    <span class=\"mkdf-btn-text\">Demanar Cita<\/span>\n    <\/a>[\/vc_column][\/vc_row][vc_row gap=&#8221;30&#8243; content_placement=&#8221;middle&#8221; row_content_width=&#8221;grid&#8221; css=&#8221;.vc_custom_1599215316400{margin-bottom: 60px !important;}&#8221;][vc_column width=&#8221;1\/2&#8243;][vc_column_text]<\/p>\n<h3>LA NOSTRA VISI\u00d3<\/h3>\n<p>Sabem qu\u00e8 vols: tornar a sentir-te b\u00e9.<\/p>\n<p>En som conscients perqu\u00e8 ho hem viscut a la nostra pell. I tamb\u00e9 hem requerit l\u2019ajut de professionals, igual que tu. I sabem, perqu\u00e8 nosaltres mateixos ho hem comprovat, que \u00e9s possible sentir-se b\u00e9 i viure sense dolor. Per aix\u00f2, la nostra feina es fonamenta en la promoci\u00f3 i el manteniment de la salut a llarg termini per tal de guanyar qualitat de vida.<\/p>\n<p>A MG Salut Integral valoram especialment la prevenci\u00f3 i el treball actiu com les formes de preservar i millorar la salut.Nosaltres veiem el cos com un conjunt, com un tot. I l\u2019observam i valoram de forma global.<\/p>\n<p>[\/vc_column_text][\/vc_column][vc_column width=&#8221;1\/2&#8243;]<div class=\"mkdf-single-image-holder   \">\n    <div class=\"mkdf-si-inner\" >\n                                    <img loading=\"lazy\" decoding=\"async\" width=\"1024\" height=\"562\" src=\"https:\/\/www.mgsalutintegral.com\/wp-content\/uploads\/2020\/10\/nuestra-vision.jpg\" class=\"attachment-full size-full\" alt=\"nuestra-vision\" srcset=\"https:\/\/www.mgsalutintegral.com\/wp-content\/uploads\/2020\/10\/nuestra-vision.jpg 1024w, https:\/\/www.mgsalutintegral.com\/wp-content\/uploads\/2020\/10\/nuestra-vision-300x165.jpg 300w, https:\/\/www.mgsalutintegral.com\/wp-content\/uploads\/2020\/10\/nuestra-vision-768x422.jpg 768w\" sizes=\"auto, (max-width: 1024px) 100vw, 1024px\" \/>                        <\/div>\n<\/div>[\/vc_column][\/vc_row][vc_row gap=&#8221;30&#8243; content_placement=&#8221;middle&#8221; row_content_width=&#8221;grid&#8221; css=&#8221;.vc_custom_1599215316400{margin-bottom: 60px !important;}&#8221;][vc_column width=&#8221;1\/2&#8243;]<div class=\"mkdf-single-image-holder   \">\n    <div class=\"mkdf-si-inner\" >\n                                    <img loading=\"lazy\" decoding=\"async\" width=\"1024\" height=\"572\" src=\"https:\/\/www.mgsalutintegral.com\/wp-content\/uploads\/2020\/10\/como-trabajamos.jpg\" class=\"attachment-full size-full\" alt=\"como-trabajamos\" srcset=\"https:\/\/www.mgsalutintegral.com\/wp-content\/uploads\/2020\/10\/como-trabajamos.jpg 1024w, https:\/\/www.mgsalutintegral.com\/wp-content\/uploads\/2020\/10\/como-trabajamos-300x168.jpg 300w, https:\/\/www.mgsalutintegral.com\/wp-content\/uploads\/2020\/10\/como-trabajamos-768x429.jpg 768w\" sizes=\"auto, (max-width: 1024px) 100vw, 1024px\" \/>                        <\/div>\n<\/div>[\/vc_column][vc_column width=&#8221;1\/2&#8243;][vc_column_text]<\/p>\n<h4>Com treballam a MG Salut Integral?<\/h4>\n<ul>\n<li>Escoltam els teus motius de consulta.<\/li>\n<li>Recollim d\u2019una forma molt detallada totes les dades necess\u00e0ries.<\/li>\n<li>Si ens en portes, estudiam les proves diagnostiques pr\u00e8vies.<\/li>\n<li>Realitzam les exploracions i proves adients per a corroborar el nostre diagn\u00f2stic.<\/li>\n<li>T\u2019explicam les nostres conclusions i t\u2019elaboram un pla de tractament personalitzat.<\/li>\n<\/ul>\n<p>Aquestes s\u00f3n les passes que seguim. Totes s\u00f3n necess\u00e0ries i no negociables. Perqu\u00e8, amb la teva salut no hi negociam.[\/vc_column_text][\/vc_column][\/vc_row][vc_row gap=&#8221;30&#8243; content_placement=&#8221;top&#8221; row_content_width=&#8221;grid&#8221; css=&#8221;.vc_custom_1599217247271{padding-top: 80px !important;padding-bottom: 25px !important;}&#8221; simple_background_color=&#8221;#fafafa&#8221; el_class=&#8221;mkd-booking-custom-class&#8221;][vc_column offset=&#8221;vc_col-lg-offset-0 vc_col-lg-8 vc_col-md-offset-0 vc_col-md-6 vc_col-sm-offset-0 vc_col-xs-12&#8243;][vc_column_text]<\/p>\n<h3><strong>QU\u00c8 \u00c9S MG SALUT INTEGRAL?<\/strong><\/h3>\n<p>MG Salut Integral \u00e9s l\u2019evoluci\u00f3 de M.G. Fisioter\u00e0pia, la consulta de fisioter\u00e0pia que na Dolors Molero va obrir l\u2019any 2004, on va comen\u00e7ar a tractar tant esportistes com persones que volien recuperar la salut i viure sense dolor.<\/p>\n<p>I practicant molt l\u2019escolta activa i l\u2019observaci\u00f3, na Dolors va comen\u00e7ar a donar forma a un nou projecte, m\u00e9s global i integrador, amb el qual l\u2019oferta assistencial s\u2019ampliaria i seria m\u00e9s accessible a moltes m\u00e9s persones: des dels m\u00e9s joves als m\u00e9s grans.<\/p>\n<p>Aix\u00ed \u00e9s com l\u2019any 2018 neix MG Salut Integral, amb la finalitat de crear un espai de salut on conviuen diferents perfils sanitaris que es complementen.<\/p>\n<p>Aix\u00f2 ens permet tenir un acc\u00e9s a tu m\u00e9s directe per tal de facilitar el diagn\u00f2stic i poder-te oferir la millor soluci\u00f3.<\/p>\n<p>Perqu\u00e8 el cos \u00e9s un tot que necessita ser tractat de forma global. La salut d\u2019unes parts no pot separar-se de la salut de les altres, sin\u00f3 que han de treballar juntes per a aconseguir un correcte funcionament.<\/p>\n<p>A m\u00e9s a m\u00e9s de professionals de la fisioter\u00e0pia, l\u2019osteopatia i la nutrici\u00f3, quan sigui necessari, et podrem aconsellar visitar altres professionals amb qui estam en contacte directe i en estreta col\u00b7laboraci\u00f3, com la nostra pod\u00f2loga i el nostre psic\u00f2leg.<\/p>\n<p>[\/vc_column_text][\/vc_column][vc_column offset=&#8221;vc_col-lg-offset-0 vc_col-lg-4 vc_col-md-offset-0 vc_col-md-6 vc_col-sm-offset-0&#8243;]\n<div class=\"wpcf7 no-js\" id=\"wpcf7-f6391-o1\" lang=\"en-US\" dir=\"ltr\" data-wpcf7-id=\"6391\">\n<div class=\"screen-reader-response\"><p role=\"status\" aria-live=\"polite\" aria-atomic=\"true\"><\/p> <ul><\/ul><\/div>\n<form action=\"\/ca\/wp-json\/wp\/v2\/pages\/6501#wpcf7-f6391-o1\" method=\"post\" class=\"wpcf7-form init\" aria-label=\"Contact form\" novalidate=\"novalidate\" data-status=\"init\">\n<fieldset class=\"hidden-fields-container\"><input type=\"hidden\" name=\"_wpcf7\" value=\"6391\" \/><input type=\"hidden\" name=\"_wpcf7_version\" value=\"6.1.5\" \/><input type=\"hidden\" name=\"_wpcf7_locale\" value=\"en_US\" \/><input type=\"hidden\" name=\"_wpcf7_unit_tag\" value=\"wpcf7-f6391-o1\" \/><input type=\"hidden\" name=\"_wpcf7_container_post\" value=\"0\" \/><input type=\"hidden\" name=\"_wpcf7_posted_data_hash\" value=\"\" \/><input type=\"hidden\" name=\"_wpcf7_recaptcha_response\" value=\"\" \/>\n<\/fieldset>\n<div class=\"mkdf-booking-form light at4BookingForm\">\n\t<div>\n\t\t<div class=\"mkdf-bf-motto\">\n\t\t\t<h6>Demanar Cita\n\t\t\t<\/h6>\n\t\t<\/div>\n\t\t<div class=\"mkdf-bf-title\">\n\t\t\t<h5>Ens hi posam?\n\t\t\t<\/h5>\n\t\t<\/div>\n\t\t<div class=\"mkdf-grid-row mkdf-grid-tiny-gutter\">\n\t\t\t<p>Sol\u00b7licita la teva cita en l\u00ednia accedint al nostre formulari de cita pr\u00e8via\n\t\t\t<\/p>\n\t\t\t<div>\n\t\t\t\t<p><a id=\"submit_comment\" class=\"btnSubmit\" href=\"https:\/\/www.mgsalutintegral.com\/ca\/contacte\/\">Demanar Cita<\/a>\n\t\t\t\t<\/p>\n\t\t\t<\/div>\n\t\t<\/div>\n\t<\/div>\n<\/div><div class=\"wpcf7-response-output\" aria-hidden=\"true\"><\/div>\n<\/form>\n<\/div>\n[vc_empty_space height=&#8221;62px&#8221;][\/vc_column][\/vc_row][vc_row simple_background_color=&#8221;#2f3241&#8243;][vc_column css=&#8221;.vc_custom_1600672116947{margin-left: 0px !important;padding-left: 0px !important;background-color: #2f3241 !important;}&#8221; offset=&#8221;vc_col-lg-4&#8243;]<div class=\"mkdf-elements-holder   mkdf-one-column  mkdf-responsive-mode-768 \" ><div class=\"mkdf-eh-item    \"  data-item-class=\"mkdf-eh-custom-6853\" data-1367-1600=\"38px 9% 109px 10%\" data-1025-1366=\"12px 16% 80px 12%\" data-769-1024=\"110px 30% 180px 13%\" data-681-768=\"110px 15% 180px 13%\" data-680=\"60px 5% 130px 13%\">\n\t<div class=\"mkdf-eh-item-inner\">\n\t\t<div class=\"mkdf-eh-item-content mkdf-eh-custom-6853\" style=\"padding: 60px 25% 60px 10%\">\n\t\t\t[vc_column_text]<\/p>\n<h3><span style=\"color: #f0f0f0;\"><strong>EL NOSTRE EQUIP<\/strong><\/span><\/h3>\n<p style=\"color: #f0f0f0; font-size: 19px;\">Aquests s\u00f3n els professionals que formen MG Salut Integral. Cada un \u00e9s expert en el seu camp i, entre tots, podem cuidar-te millor.<\/p>\n<p>[\/vc_column_text]\t\t<\/div>\n\t<\/div>\n<\/div><\/div>[\/vc_column][\/vc_row][vc_row gap=&#8221;30&#8243; content_placement=&#8221;middle&#8221; row_content_width=&#8221;grid&#8221; css=&#8221;.vc_custom_1599217656126{margin-top: 60px !important;margin-bottom: 60px !important;}&#8221;][vc_column][vc_tta_tour color=&#8221;peacoc&#8221; active_section=&#8221;1&#8243;][vc_tta_section title=&#8221;DOLORS MOLERO&#8221; tab_id=&#8221;DOLORS-MOLERO&#8221;][vc_row_inner][vc_column_inner width=&#8221;1\/3&#8243;][vc_single_image image=&#8221;6040&#8243; img_size=&#8221;full&#8221;][\/vc_column_inner][vc_column_inner width=&#8221;2\/3&#8243;][vc_column_text]<\/p>\n<h4><strong>FISIOTERAPEUTA (ESPECIALISTA EN AN\u00c0LISI DEL MOVIMENT) I OSTE\u00d2PATA<\/strong><\/h4>\n<p>[\/vc_column_text][\/vc_column_inner][\/vc_row_inner][vc_column_text]<\/p>\n<div style=\"text-align: justify;\">\n<p style=\"text-align: left;\">Crec que tenia uns 11 anys la primera vegada que vaig viure la fisioter\u00e0pia. S\u00ed, 11 anys i escoliosi (desviaci\u00f3 de la columna). Era necessari \u201cdomar\u201d la meva columna i em varen enviar a fer rehabilitaci\u00f3 en grup.<\/p>\n<p style=\"text-align: left;\">M\u2019agradava molt el que feia aquell senyor a qui anomenaven fisioterapeuta. F\u00e8iem exercicis. Primer, tots junts. M\u00e9s tard, es posava interessant quan el fisio donava instruccions diferents a alguns de nosaltres. I jo em demanava, per qu\u00e8 ho deu fer aix\u00ed?&#8230;Encara que mai no vaig preguntar en veu alta, sabia que el fisio ho havia raonat i no era casualitat. M\u2019agradava veure que aix\u00ed es treballava ressaltant la individualitat de cada persona.<\/p>\n<p style=\"text-align: left;\">M\u00e9s endavant, durant un curt per\u00edode temps, em vaig debatre entre la fisioter\u00e0pia i la ter\u00e0pia ocupacional. La decisi\u00f3 final va ser clara i encertada, ja que les classes em varen captivar des del primer dia.<\/p>\n<p style=\"text-align: left;\">I aix\u00ed, el 1999 finalitzava la meva Diplomatura en Fisioter\u00e0pia a l\u2019Escola Universit\u00e0ria Gimbernat, a Barcelona.<\/p>\n<p style=\"text-align: left;\">Entrar en contacte amb la fisioter\u00e0pia privada va suposar trobar el meu lloc.<\/p>\n<p style=\"text-align: left;\">I el 2004 vaig obrir una consulta pr\u00f2pia: M.G. Fisioter\u00e0pia.<\/p>\n<p style=\"text-align: left;\">En formaci\u00f3 continuada, realitzant peri\u00f2dicament diferents postgraus, el 2005 n\u2019hi va haver un que va definir de forma clara un abans i un despr\u00e9s. Va ser l\u2019inici dels estudis d\u2019Osteopatia a la Fundaci\u00f3 Escola d\u2019Osteopatia de Barcelona (FEOB) i la European School of Osteopathy (ESO, a Maidstone, Regne Unit).<\/p>\n<p style=\"text-align: left;\">Varen ser 4 anys intensos i enriquidors personalment i professionalment decisius per a mi.<\/p>\n<p style=\"text-align: left;\">All\u00e0 vaig viure el concepte de globalitat. I posteriorment, amb el postgrau d\u2019Osteopatia Cl\u00e0ssica del IEOC: Instituto Espa\u00f1ol de Osteopat\u00eda Cl\u00e1sica, branca de l\u2019Institute of Classical Osteopathy (Regne Unit), vaig refor\u00e7ar aquest concepte, el qual constitueix una de les bases fonamentals de la meva filosofia de feina: el cos \u00e9s un tot i totes les estructures hi estan relacionades i estableixen influ\u00e8ncies unes sobre les altres.<\/p>\n<p style=\"text-align: left;\">Entrar en el m\u00f3n subaqu\u00e0tic el 2013 i practicar el busseig com a forma d\u2019aproximaci\u00f3 a la meditaci\u00f3 activa em va facilitar la incorporaci\u00f3 a la feina d\u2019 una nova visi\u00f3 dels conceptes de pressi\u00f3, flu\u00efdesa en el moviment i harmonia i em va permetre donar a la respiraci\u00f3 un paper, si escau, encara m\u00e9s rellevant. Em va ajudar a comprendre millor les restriccions de mobilitat i, per tant, a treballar m\u00e9s conscientment per a alliberar-les.<\/p>\n<p style=\"text-align: left;\">Despr\u00e9s d\u2019uns anys d\u2019intensa i profitosa feina, la meva naturalesa activa em va portar a obrir horitzons i a poc a poc va comen\u00e7ar a gestar-se un nou projecte, fruit de l\u2019evoluci\u00f3 d\u2019aquell concepte de globalitat: integrar el treball de fisioter\u00e0pia i osteopatia amb el d\u2019altres professionals sanitaris que es poguessin complementar i reunir-los al mateix lloc. I aix\u00ed \u00e9s com va sorgir MG Salut Integral, que va veure la llum el 2018 com un centre multidisciplinar.<\/p>\n<p style=\"text-align: left;\">El mateix any, el 2018, el curs d\u2019an\u00e0lisi del moviment (Kinetic Control) va suposar una bona sacsejada, d\u2019aquelles que et marquen, i va passar a formar un nou pilar en el meu treball.<\/p>\n<p style=\"text-align: left;\">2019 va ser l\u2019any del Raonament cl\u00ednic: una altra forma de pensar.<\/p>\n<p style=\"text-align: left;\">Em meravellen l\u2019anatomia i la forma en qu\u00e8 funciona i es mou el cos hum\u00e0 (fisiologia i biomec\u00e0nica). M\u2019ajuden a fer una interpretaci\u00f3 des del coneixement per tal d\u2019intentar entendre qu\u00e8 est\u00e0 passant al cos? Qu\u00e8 est\u00e0 passant als teixits?.<\/p>\n<p style=\"text-align: left;\">I l\u2019observaci\u00f3 i l\u2019escolta activa, m\u2019ajuden a trobar empatia per a comprendre com les restriccions de mobilitat o el dolor afecten <span style=\"text-decoration: line-through;\">a<\/span> cadasc\u00fa.<\/p>\n<p style=\"text-align: left;\">El meu objectiu segueix essent, com al principi, donar sempre el millor tractament possible amb efic\u00e0cia i honestedat.<\/p>\n<p style=\"text-align: left;\">Despr\u00e9s de m\u00e9s de 20 anys, la meva professi\u00f3 em continua fascinant, motivant i sorprenent. S\u00f3c molt afortunada.<\/p>\n<p style=\"text-align: left;\">Envii des d\u2019aqu\u00ed el meu agra\u00efment per a cada un de vosaltres, tots els qui heu passat per les meves mans i m\u2019heu ensenyat tant en tots aquests anys. I em seguiu ensenyant. Perqu\u00e8 per a mi, cada dia \u00e9s ple de noves oportunitats per a aprendre, cr\u00e9ixer i superar-se.<\/p>\n<p style=\"text-align: left;\">Gr\u00e0cies, gr\u00e0cies, gr\u00e0cies.<\/p>\n<p style=\"text-align: left;\">Actualment, estic col\u00b7legiada al Col\u00b7legi Oficial de fisioterapeutes de les Illes Balears (COFIB) amb el n\u00famero 38.<\/p>\n<\/div>\n<p>[\/vc_column_text][\/vc_tta_section][\/vc_tta_tour][vc_empty_space height=&#8221;50px&#8221;]<div class=\"mkdf-clients-carousel-holder mkdf-cc-hover-roll-over\">\n\t<div class=\"mkdf-cc-inner mkdf-owl-slider\" data-number-of-items=\"4\" data-enable-loop=\"yes\" data-enable-autoplay=\"no\" data-slider-speed=\"4000\" data-slider-speed-animation=\"600\" data-enable-navigation=\"no\" data-enable-pagination=\"no\">\n\t\t<div class=\"mkdf-cc-item mkdf-item-space mkdf-cci-no-link\">\n\t\t\t\t\t\t<img decoding=\"async\" itemprop=\"image\" class=\"mkdf-cc-image\" src=\"https:\/\/www.mgsalutintegral.com\/wp-content\/uploads\/2020\/09\/CODNIB.jpg\" alt=\"CODNIB\" \/>\n\t\t\t\t\t\t\t<img decoding=\"async\" itemprop=\"image\" class=\"mkdf-cc-hover-image\" src=\"https:\/\/www.mgsalutintegral.com\/wp-content\/uploads\/2020\/09\/CODNIB.jpg\" alt=\"CODNIB\" \/>\n\t\t\t<\/div><div class=\"mkdf-cc-item mkdf-item-space mkdf-cci-no-link\">\n\t\t\t\t\t\t<img decoding=\"async\" itemprop=\"image\" class=\"mkdf-cc-image\" src=\"https:\/\/www.mgsalutintegral.com\/wp-content\/uploads\/2020\/09\/COPOIB.jpg\" alt=\"COPOIB\" \/>\n\t\t\t\t\t\t\t<img decoding=\"async\" itemprop=\"image\" class=\"mkdf-cc-hover-image\" src=\"https:\/\/www.mgsalutintegral.com\/wp-content\/uploads\/2020\/09\/COPOIB.jpg\" alt=\"COPOIB\" \/>\n\t\t\t<\/div><div class=\"mkdf-cc-item mkdf-item-space mkdf-cci-no-link\">\n\t\t\t\t\t\t<img decoding=\"async\" itemprop=\"image\" class=\"mkdf-cc-image\" src=\"https:\/\/www.mgsalutintegral.com\/wp-content\/uploads\/2020\/09\/copib.jpg\" alt=\"copib\" \/>\n\t\t\t\t\t\t\t<img decoding=\"async\" itemprop=\"image\" class=\"mkdf-cc-hover-image\" src=\"https:\/\/www.mgsalutintegral.com\/wp-content\/uploads\/2020\/09\/copib.jpg\" alt=\"copib\" \/>\n\t\t\t<\/div>\t<\/div>\n<\/div>[vc_empty_space height=&#8221;75px&#8221;][vc_column_text css=&#8221;.vc_custom_1767562109044{margin-top: 35px !important;}&#8221;]<\/p>\n<h3 style=\"text-align: center;\">COL\u00b7LABORADORS<\/h3>\n<p style=\"text-align: center; font-size: 18px;\">Al nostre centre visita la psic\u00f2loga Cristina Hill. Podeu agendar una cita amb ella al nostre tel\u00e8fon i whatsApp 696 653 914.<\/p>\n<p style=\"text-align: center; font-size: 18px;\">Comptam amb el suport de la pod\u00f2loga Maria Ant\u00f2nia Cerd\u00e1n i del neuropsic\u00f2leg David del Bosque. En cas de requerir els seus serveis, la comunicaci\u00f3 amb ells ser\u00e0 directa i \u00e0gil.<\/p>\n<p>[\/vc_column_text][vc_empty_space height=&#8221;45px&#8221;][vc_tta_tour color=&#8221;peacoc&#8221; active_section=&#8221;1&#8243;][vc_tta_section title=&#8221;MARIA ANT\u00d2NIA CERD\u00c1N CRESP\u00cd&#8221; tab_id=&#8221;1600673410249-87051853-94f5&#8243;][vc_row_inner][vc_column_inner width=&#8221;1\/3&#8243;][vc_single_image image=&#8221;6326&#8243; img_size=&#8221;large&#8221;][\/vc_column_inner][vc_column_inner width=&#8221;2\/3&#8243;][vc_column_text]<\/p>\n<h3><strong>POD\u00d2LOGA<\/strong><\/h3>\n<h4><\/h4>\n<p>[\/vc_column_text][\/vc_column_inner][\/vc_row_inner][vc_column_text]<\/p>\n<div style=\"text-align: justify;\">\n<p>El meu nom \u00e9s Maria Ant\u00f2nia Cerd\u00e1n Cresp\u00ed. Som diplomada en Podologia ( Universitat de Barcelona) i diplomada en Fisioter\u00e0pia ( Universitat de Vic).<\/p>\n<p>En acabar la formaci\u00f3 en fisioter\u00e0pia vaig decidir cursar un postgrau de Fisioter\u00e0pia de l\u2019esport (E.U.Gimbernat) i compaginar amb la meva feina com a fisioterapeuta. Despr\u00e9s d\u2019acabar el postgrau vaig sentit inquietud per por la podologia, sobretot en l\u2019\u00e0mbit de la biomec\u00e0nica i estudis de la marxa, per aquest motiu em vaig diplomar en podologia. Des del 2011 exercesc de pod\u00f2loga en diverses cl\u00edniques de Palma i des del juny del 2020 he decidit embarcar-me en un projecte propi, a m\u00e9s de compaginar-lo amb les altres ocupacions.<\/p>\n<p>Des que vaig acabar la diplomatura en podologia he seguit nombrosos cursos de podologia pedi\u00e0trica, peu de risc i biomec\u00e0nica, aix\u00ed como un postgrau en cures i principis quir\u00fargics ( Universitat de Barcelona).<\/p>\n<p>La podologia \u00e9s una disciplina que encara avui dia molta de gent desconeix. Per aix\u00f2 descriur\u00e9 els principals camps en qu\u00e8 podem actuar:<\/p>\n<ol>\n<li>Peu de risc: diagn\u00f2stic , tractament i prevenci\u00f3 de lesions associades a un peu de risc (peu diab\u00e8tic, vascular, etc.) amb cures i\/o tractaments ortopodol\u00f2gics.<\/li>\n<li>Podologia pedi\u00e0trica: estudis i an\u00e0lisis de les alteracions de la marxa en la infantesa, aix\u00ed com el possible tractament ortopodol\u00f2gic.<\/li>\n<li>Quiropodologia: Lesions unguials com ungleres o ungles encarnades, fongs, distr\u00f2fies, etc. , i tamb\u00e9 tractaments de berrugues plantars, helomes (calls), etc.<\/li>\n<li>Podologia Esportiva: diagn\u00f2stic, prevenci\u00f3 i tractament de les lesions associades a la mec\u00e0nica a l\u2019esport, amb la realitzaci\u00f3 d\u2019estudis biomec\u00e0nics i el possible tractament ortopodol\u00f2gic.<\/li>\n<li>Podologia geri\u00e0trica: diagn\u00f2stic i tractament d\u2019alteracions en el peu del pacient geri\u00e0tric.<\/li>\n<li>Estudis computades de la marxa.<\/li>\n<li>Ortopodologia: aquesta \u00e9s aplicable a qualsevol camp descrit anteriorment. Consisteix en l\u2019elaboraci\u00f3 de suports plantars a mida (plantilles) o ortesis de silicona.<\/li>\n<\/ol>\n<\/div>\n<p>[\/vc_column_text][\/vc_tta_section][vc_tta_section title=&#8221;DAVID DEL BOSQUE GONZ\u00c1LEZ&#8221; tab_id=&#8221;1600673410795-f6a388d5-c259&#8243;][vc_column_text]<\/p>\n<h3>PSIC\u00d2LEG<\/h3>\n<p>Llicenciat en Psicologia per la Universitat de Deusto (Bilbao).<\/p>\n<p>M\u00e0ster en Psicologia Cl\u00ednica.<\/p>\n<p>Psic\u00f2leg general sanitari.<\/p>\n<p>Neuropsic\u00f2leg cl\u00ednic.<\/p>\n<p>Col\u00b7legiat B-01923 pel Col\u00b7legi Oficial de Psic\u00f2legs de les Illes Balears (COPIB).<\/p>\n<p>Especialista en el tractament psicol\u00f2gic d\u2019 infants, adolescents i adults.<\/p>\n<p>&nbsp;<\/p>\n<p>Contacte: 971 714 580<\/p>\n<p><a href=\"mailto:delbosquepsicologia@gmail.com\">delbosquepsicologia@gmail.com<\/a><\/p>\n<p>[\/vc_column_text][\/vc_tta_section][\/vc_tta_tour][\/vc_column][\/vc_row][vc_row content_placement=&#8221;middle&#8221; row_content_width=&#8221;grid&#8221; content_text_aligment=&#8221;left&#8221; css=&#8221;.vc_custom_1603097998084{padding-top: 15px !important;padding-bottom: 90px !important;}&#8221;][vc_column][vc_column_text css=&#8221;.vc_custom_1767559190379{margin-top: 35px !important;}&#8221;]<\/p>\n<h3 style=\"text-align: center;\">ALTRES COL\u00b7LABORADORS<\/h3>\n<p>[\/vc_column_text][vc_empty_space height=&#8221;25px&#8221;]<div class=\"mkdf-clients-carousel-holder mkdf-cc-hover-roll-over\">\n\t<div class=\"mkdf-cc-inner mkdf-owl-slider\" data-number-of-items=\"4\" data-enable-loop=\"yes\" data-enable-autoplay=\"no\" data-slider-speed=\"4000\" data-slider-speed-animation=\"600\" data-enable-navigation=\"yes\" data-enable-pagination=\"no\">\n\t\t<div class=\"mkdf-cc-item mkdf-item-space mkdf-cci-no-link\">\n\t\t\t\t\t\t<img decoding=\"async\" itemprop=\"image\" class=\"mkdf-cc-image\" src=\"https:\/\/www.mgsalutintegral.com\/wp-content\/uploads\/2020\/09\/capenergy.jpg\" alt=\"capenergy\" \/>\n\t\t\t\t\t\t\t<img decoding=\"async\" itemprop=\"image\" class=\"mkdf-cc-hover-image\" src=\"https:\/\/www.mgsalutintegral.com\/wp-content\/uploads\/2020\/09\/capenergy.jpg\" alt=\"capenergy\" \/>\n\t\t\t<\/div><div class=\"mkdf-cc-item mkdf-item-space mkdf-cci-no-link\">\n\t\t\t\t\t\t<img decoding=\"async\" itemprop=\"image\" class=\"mkdf-cc-image\" src=\"https:\/\/www.mgsalutintegral.com\/wp-content\/uploads\/2020\/10\/podologa.jpg\" alt=\"podologa\" \/>\n\t\t\t\t\t\t\t<img decoding=\"async\" itemprop=\"image\" class=\"mkdf-cc-hover-image\" src=\"https:\/\/www.mgsalutintegral.com\/wp-content\/uploads\/2020\/10\/podologa.jpg\" alt=\"podologa\" \/>\n\t\t\t<\/div><div class=\"mkdf-cc-item mkdf-item-space mkdf-cci-no-link\">\n\t\t\t\t\t\t<img decoding=\"async\" itemprop=\"image\" class=\"mkdf-cc-image\" src=\"https:\/\/www.mgsalutintegral.com\/wp-content\/uploads\/2020\/10\/yomenutro.jpg\" alt=\"\" \/>\n\t\t\t\t\t\t\t<img decoding=\"async\" itemprop=\"image\" class=\"mkdf-cc-hover-image\" src=\"https:\/\/www.mgsalutintegral.com\/wp-content\/uploads\/2020\/10\/yomenutro.jpg\" alt=\"\" \/>\n\t\t\t<\/div>\t<\/div>\n<\/div>[\/vc_column][\/vc_row]<\/p>\n<\/div>","protected":false},"excerpt":{"rendered":"<p>[vc_row gap=&#8221;30&#8243; content_placement=&#8221;middle&#8221; row_content_width=&#8221;grid&#8221; css=&#8221;.vc_custom_1599215140588{margin-top: 90px !important;margin-bottom: 60px !important;}&#8221;][vc_column width=&#8221;1\/2&#8243;][vc_column_text] Benvingut a MG Salut Integral T\u2019ajudam a millorar en salut i a guanyar qualitat de vida mitjan\u00e7ant l\u2019an\u00e0lisi, el diagn\u00f2stic i el tractament personalitzat. [\/vc_column_text][vc_empty_space height=&#8221;25px&#8221;][\/vc_column][\/vc_row][vc_row gap=&#8221;30&#8243; content_placement=&#8221;middle&#8221; row_content_width=&#8221;grid&#8221; css=&#8221;.vc_custom_1599215316400{margin-bottom: 60px !important;}&#8221;][vc_column width=&#8221;1\/2&#8243;][vc_column_text] LA NOSTRA VISI\u00d3 Sabem qu\u00e8 vols: tornar a sentir-te b\u00e9. En som conscients perqu\u00e8 ho hem viscut a la nostra pell. I tamb\u00e9 hem requerit l\u2019ajut de [&hellip;]<\/p>\n","protected":false},"author":6,"featured_media":0,"parent":0,"menu_order":0,"comment_status":"closed","ping_status":"closed","template":"full-width.php","meta":{"_joinchat":[],"footnotes":""},"class_list":["post-6501","page","type-page","status-publish","hentry"],"aioseo_notices":[],"_links":{"self":[{"href":"https:\/\/www.mgsalutintegral.com\/ca\/wp-json\/wp\/v2\/pages\/6501","targetHints":{"allow":["GET"]}}],"collection":[{"href":"https:\/\/www.mgsalutintegral.com\/ca\/wp-json\/wp\/v2\/pages"}],"about":[{"href":"https:\/\/www.mgsalutintegral.com\/ca\/wp-json\/wp\/v2\/types\/page"}],"author":[{"embeddable":true,"href":"https:\/\/www.mgsalutintegral.com\/ca\/wp-json\/wp\/v2\/users\/6"}],"replies":[{"embeddable":true,"href":"https:\/\/www.mgsalutintegral.com\/ca\/wp-json\/wp\/v2\/comments?post=6501"}],"version-history":[{"count":13,"href":"https:\/\/www.mgsalutintegral.com\/ca\/wp-json\/wp\/v2\/pages\/6501\/revisions"}],"predecessor-version":[{"id":7073,"href":"https:\/\/www.mgsalutintegral.com\/ca\/wp-json\/wp\/v2\/pages\/6501\/revisions\/7073"}],"wp:attachment":[{"href":"https:\/\/www.mgsalutintegral.com\/ca\/wp-json\/wp\/v2\/media?parent=6501"}],"curies":[{"name":"wp","href":"https:\/\/api.w.org\/{rel}","templated":true}]}}