{"id":6487,"date":"2020-10-22T13:22:41","date_gmt":"2020-10-22T11:22:41","guid":{"rendered":"https:\/\/www.mgsalutintegral.com\/?page_id=6487"},"modified":"2026-01-04T22:34:42","modified_gmt":"2026-01-04T21:34:42","slug":"tarifes","status":"publish","type":"page","link":"https:\/\/www.mgsalutintegral.com\/ca\/tarifes\/","title":{"rendered":"Tarifes"},"content":{"rendered":"<div class=\"wpb-content-wrapper\"><p>[vc_row content_placement=&#8221;top&#8221; row_content_width=&#8221;grid&#8221; css=&#8221;.vc_custom_1599223635343{padding-top: 90px !important;padding-bottom: 60px !important;}&#8221; simple_background_color=&#8221;#fafafa&#8221; el_class=&#8221;mkd-booking-custom-class&#8221;][vc_column width=&#8221;1\/2&#8243; offset=&#8221;vc_col-lg-offset-0 vc_col-lg-6 vc_col-md-offset-0 vc_col-md-12 vc_col-sm-offset-0&#8243;][vc_column_text]<\/p>\n<h3><strong>FISIOTER\u00c0PIA<\/strong><\/h3>\n<p>[\/vc_column_text][vc_empty_space height=&#8221;20px&#8221;][vc_column_text css=&#8221;&#8221;]* A les visites es fa una escolta activa, hist\u00f2ria cl\u00ednica detallada, valoraci\u00f3, an\u00e0lisi del cas i tractament. La inversi\u00f3 \u00e9s de 65\u20ac (60 minuts).<\/p>\n<p>&nbsp;<\/p>\n<p>* Consultan&#8217;s el teu cas concret i en farem una valoraci\u00f3.<\/p>\n<p>&nbsp;<\/p>\n<p>* Sessi\u00f3 tecarter\u00e0pia: 40-75\u20ac. Cal fer una valoraci\u00f3 pr\u00e8via[\/vc_column_text][\/vc_column][vc_column width=&#8221;1\/2&#8243; offset=&#8221;vc_col-lg-offset-0 vc_col-lg-6 vc_col-md-offset-0 vc_col-md-12 vc_col-sm-offset-0&#8243;][vc_single_image image=&#8221;6917&#8243; img_size=&#8221;full&#8221;][\/vc_column][\/vc_row][vc_row content_placement=&#8221;top&#8221; row_content_width=&#8221;grid&#8221; css=&#8221;.vc_custom_1599223097732{padding-bottom: 60px !important;}&#8221; simple_background_color=&#8221;#fafafa&#8221; el_class=&#8221;mkd-booking-custom-class&#8221;][vc_column width=&#8221;1\/2&#8243; offset=&#8221;vc_col-lg-offset-0 vc_col-lg-6 vc_col-md-offset-0 vc_col-md-12 vc_col-sm-offset-0&#8243;][vc_single_image image=&#8221;6924&#8243; img_size=&#8221;full&#8221;][\/vc_column][vc_column width=&#8221;1\/2&#8243; offset=&#8221;vc_col-lg-offset-0 vc_col-lg-6 vc_col-md-offset-0 vc_col-md-12 vc_col-sm-offset-0&#8243;][vc_column_text]<\/p>\n<h3><strong>DERMATOFUNCIONAL<\/strong><\/h3>\n<p>[\/vc_column_text][vc_empty_space height=&#8221;20px&#8221;][vc_column_text css=&#8221;&#8221;]Contacta amb nosaltres per a m\u00e9s informaci\u00f3. Els preus s\u2019estableixen en funci\u00f3 del tipus de tractament a realitzar, de la zona a tractar i del temps necessari per a dur-lo a terme.<\/p>\n<p>Disposam de bons de 5 i 10 sessions amb condicions especials.<\/p>\n<p>Pr\u00e8viament a qualsevol tractament dermatofuncional es realitzar\u00e0 una primera visita informativa com a valoraci\u00f3 inicial.[\/vc_column_text][vc_empty_space height=&#8221;20px&#8221;][vc_column_text]<\/p>\n<h3><strong>OSTEOPATIA<\/strong><\/h3>\n<p>[\/vc_column_text][vc_empty_space height=&#8221;20px&#8221;][vc_column_text css=&#8221;&#8221;]Visita 65 \u20ac (60 minuts)[\/vc_column_text][\/vc_column][\/vc_row]<\/p>\n<\/div>","protected":false},"excerpt":{"rendered":"<p>[vc_row content_placement=&#8221;top&#8221; row_content_width=&#8221;grid&#8221; css=&#8221;.vc_custom_1599223635343{padding-top: 90px !important;padding-bottom: 60px !important;}&#8221; simple_background_color=&#8221;#fafafa&#8221; el_class=&#8221;mkd-booking-custom-class&#8221;][vc_column width=&#8221;1\/2&#8243; offset=&#8221;vc_col-lg-offset-0 vc_col-lg-6 vc_col-md-offset-0 vc_col-md-12 vc_col-sm-offset-0&#8243;][vc_column_text] FISIOTER\u00c0PIA [\/vc_column_text][vc_empty_space height=&#8221;20px&#8221;][vc_column_text css=&#8221;&#8221;]* A les visites es fa una escolta activa, hist\u00f2ria cl\u00ednica detallada, valoraci\u00f3, an\u00e0lisi del cas i tractament. La inversi\u00f3 \u00e9s de 65\u20ac (60 minuts). &nbsp; * Consultan&#8217;s el teu cas concret i en farem una valoraci\u00f3. &nbsp; * Sessi\u00f3 tecarter\u00e0pia: 40-75\u20ac. Cal fer una valoraci\u00f3 pr\u00e8via[\/vc_column_text][\/vc_column][vc_column width=&#8221;1\/2&#8243; offset=&#8221;vc_col-lg-offset-0 vc_col-lg-6 vc_col-md-offset-0 [&hellip;]<\/p>\n","protected":false},"author":6,"featured_media":0,"parent":0,"menu_order":0,"comment_status":"closed","ping_status":"closed","template":"full-width.php","meta":{"_joinchat":[],"footnotes":""},"class_list":["post-6487","page","type-page","status-publish","hentry"],"aioseo_notices":[],"_links":{"self":[{"href":"https:\/\/www.mgsalutintegral.com\/ca\/wp-json\/wp\/v2\/pages\/6487","targetHints":{"allow":["GET"]}}],"collection":[{"href":"https:\/\/www.mgsalutintegral.com\/ca\/wp-json\/wp\/v2\/pages"}],"about":[{"href":"https:\/\/www.mgsalutintegral.com\/ca\/wp-json\/wp\/v2\/types\/page"}],"author":[{"embeddable":true,"href":"https:\/\/www.mgsalutintegral.com\/ca\/wp-json\/wp\/v2\/users\/6"}],"replies":[{"embeddable":true,"href":"https:\/\/www.mgsalutintegral.com\/ca\/wp-json\/wp\/v2\/comments?post=6487"}],"version-history":[{"count":7,"href":"https:\/\/www.mgsalutintegral.com\/ca\/wp-json\/wp\/v2\/pages\/6487\/revisions"}],"predecessor-version":[{"id":7074,"href":"https:\/\/www.mgsalutintegral.com\/ca\/wp-json\/wp\/v2\/pages\/6487\/revisions\/7074"}],"wp:attachment":[{"href":"https:\/\/www.mgsalutintegral.com\/ca\/wp-json\/wp\/v2\/media?parent=6487"}],"curies":[{"name":"wp","href":"https:\/\/api.w.org\/{rel}","templated":true}]}}