{"id":6472,"date":"2020-10-22T13:16:28","date_gmt":"2020-10-22T11:16:28","guid":{"rendered":"https:\/\/www.mgsalutintegral.com\/?page_id=6472"},"modified":"2026-01-04T22:18:21","modified_gmt":"2026-01-04T21:18:21","slug":"quan-podeu-consultar-nos","status":"publish","type":"page","link":"https:\/\/www.mgsalutintegral.com\/ca\/quan-podeu-consultar-nos\/","title":{"rendered":"QUAN PODEU CONSULTAR-NOS?"},"content":{"rendered":"<div class=\"wpb-content-wrapper\"><p>[vc_row gap=&#8221;25&#8243; row_content_width=&#8221;grid&#8221; simple_background_color=&#8221;#ffffff&#8221; css=&#8221;.vc_custom_1600679651246{margin-top: 60px !important;}&#8221;][vc_column css=&#8221;.vc_custom_1600679543889{margin-left: 0px !important;padding-left: 0px !important;}&#8221; offset=&#8221;vc_col-lg-6&#8243;][vc_column_text]<\/p>\n<h2><strong>QUAN PODEU CONSULTAR-NOS?<\/strong><\/h2>\n<p>A MG Salut Integral, la PREVENCI\u00d3 \u00e9s la nostra m\u00e0xima i la principal filosofia de feina. Per\u00f2, per desgr\u00e0cia, moltes de vegades ens oblidam d\u2019aquest pilar tan important, o apareixen causes traum\u00e0tiques dif\u00edcils de controlar o prevenir.<\/p>\n<p>En ocasions dubtam sobre si, davant una situaci\u00f3 concreta, haur\u00edem de consultar un metge, un fisioterapeuta o un altre professional de la salut. Hem de remarcar que els metges tracten la malaltia, la patologia org\u00e0nica, i els fisioterapeutes i oste\u00f2pates abra\u00e7am el camp de les disfuncions.<\/p>\n<p>Els fisioterapeutes som professionals sanitaris formats per a diagnosticar i tractar afeccions del sistema musculoesquel\u00e8tic i molt especialment els teixits blans: m\u00fasculs, tendons, lligaments i f\u00e0scies.<\/p>\n<p>Sabem qu\u00e8 tocar i com. I, sobretot, sabem qu\u00e8 no s\u2019ha de tocar! Amb la formaci\u00f3 m\u00e8dica que hem rebut, coneixem m\u00faltiples patologies i signes que poden indicar l\u2019exist\u00e8ncia d\u2019altres dol\u00e8ncies que no s\u00f3n de la nostra compet\u00e8ncia. Si aix\u00ed fos, t\u2019ajudarem a adre\u00e7ar-te al professional m\u00e9s adequat.<\/p>\n<p>[\/vc_column_text][\/vc_column][vc_column offset=&#8221;vc_col-lg-6&#8243; css=&#8221;.vc_custom_1600679691835{margin-top: 50px !important;}&#8221;][vc_single_image image=&#8221;6045&#8243; img_size=&#8221;full&#8221; alignment=&#8221;center&#8221;][\/vc_column][\/vc_row][vc_row row_content_width=&#8221;grid&#8221; content_text_aligment=&#8221;center&#8221; css=&#8221;.vc_custom_1600683977740{padding-top: 70px !important;padding-bottom: 20px !important;}&#8221;][vc_column]<div class=\"mkdf-elements-holder   mkdf-one-column  mkdf-responsive-mode-768 \" ><div class=\"mkdf-eh-item    \"  data-item-class=\"mkdf-eh-custom-2621\" data-1025-1366=\"0 17%\" data-769-1024=\"0 3%\" data-681-768=\"0 2%\" data-680=\"0 6%\">\n\t<div class=\"mkdf-eh-item-inner\">\n\t\t<div class=\"mkdf-eh-item-content mkdf-eh-custom-2621\" style=\"padding: 0 15%\">\n\t\t\t<div class=\"mkdf-section-title-holder  mkdf-st-standard mkdf-st-title-left mkdf-st-normal-space \" style=\"text-align: center\">\n\t<div class=\"mkdf-st-inner\">\n\t\t\t\t\t<h2 class=\"mkdf-st-title\" >\n\t\t\t\tFISIOTER\u00c0PIA I OSTEOPATIA\t\t\t<\/h2>\n\t\t                    <div class=\"mkdf-separator-holder clearfix  mkdf-separator-center \">\n\t<div class=\"mkdf-separator\" style=\"border-color: #0189b9;width: 60px;border-bottom-width: 5px;margin-top: 16px;margin-bottom: 13px\"><\/div>\n<\/div>\n        \t\t\t<\/div>\n<\/div>\t\t<\/div>\n\t<\/div>\n<\/div><\/div><a itemprop=\"url\" href=\"https:\/\/www.mgsalutintegral.com\/ca\/contacte\/\" target=\"_self\" style=\"margin: 20px 0px 10px 0px\" class=\"mkdf-btn mkdf-btn-medium mkdf-btn-solid\"  >\n    <span class=\"mkdf-btn-text\">Demanar Cita<\/span>\n    <\/a>[\/vc_column][\/vc_row][vc_row gap=&#8221;25&#8243; content_placement=&#8221;top&#8221; row_content_width=&#8221;grid&#8221; css=&#8221;.vc_custom_1599209813480{margin-bottom: 55px !important;}&#8221;][vc_column width=&#8221;1\/2&#8243;][vc_column_text]<\/p>\n<ul>\n<li>Dolor muscular a la columna: cervicals, lumbars, ci\u00e0tica\u2026<\/li>\n<li>Dolor mec\u00e0nic (\u00e9s a dir, que apareix durant el moviment).<\/li>\n<li>Mol\u00e8sties a l\u2019hora d\u2019aixecar-te d\u2019una cadira o del llit, quan t\u2019acotes per a agafar qualque cosa del terra&#8230;<\/li>\n<li>Esquin\u00e7os. Has tor\u00e7at un peu, l\u2019has posat malament baixant un escal\u00f3, t\u2019has fet mal al canell intentant obrir un pot o estrenyent uns perns&#8230;?<\/li>\n<li>Cefalees tensionals, migranyes.<\/li>\n<li>Vertigen d\u2019origen cervical (sensaci\u00f3 de mareig que apareix amb els moviments del cap o del coll\u2026).<\/li>\n<li>Problemes de mand\u00edbula, bruxisme, dificultat o dolor pera obrir\/tancar la boca.<\/li>\n<li>Dolors d\u2019articulacions (genolls, canells, turmells\u2026) que apareixen despr\u00e9s d\u2019un cop o que fa temps que et molesten.<\/li>\n<li>Dolor en el tal\u00f3 o la planta del peu.<\/li>\n<\/ul>\n<p>[\/vc_column_text][\/vc_column][vc_column width=&#8221;1\/2&#8243;][vc_column_text]<\/p>\n<ul>\n<li>Falta de mobilitat en articulacions (incapacitat per a aixecar el bra\u00e7 completament, per a girar el coll i mirar endarrere, per a estirar el colze\u2026)<\/li>\n<li>Edemes, inflors a bra\u00e7os o cames, problemes de circulaci\u00f3 sense patologia vascular diagnosticada.<\/li>\n<li>Sensaci\u00f3 de cames cansades i\/o retenci\u00f3 de l\u00edquids.<\/li>\n<li>Sensaci\u00f3 de formigueig, cremor o co\u00eftja, p\u00e8rdua de for\u00e7a o sensibilitat a bra\u00e7os, cames, mans, peus\u2026<\/li>\n<li>Inflamaci\u00f3 de m\u00fasculs, tendons, lligaments, articulacions\u2026 tant si abans has rebut un cop com si no. Especialment si \u00e9s a l\u2019espatla i de nit el dolor et desperta!<\/li>\n<li>Si sents que en caminar no vas dret, que fas m\u00e9s for\u00e7a damunt un peu que damunt l\u2019altre, que el cos es balanceja massa o massa poc.<\/li>\n<\/ul>\n<p>[\/vc_column_text][\/vc_column][\/vc_row][vc_row row_content_width=&#8221;grid&#8221; content_text_aligment=&#8221;center&#8221; css=&#8221;.vc_custom_1600684046671{padding-top: 30px !important;padding-bottom: 5px !important;}&#8221;][vc_column]<div class=\"mkdf-elements-holder   mkdf-one-column  mkdf-responsive-mode-768 \" ><div class=\"mkdf-eh-item    \"  data-item-class=\"mkdf-eh-custom-4050\" data-1025-1366=\"0 17%\" data-769-1024=\"0 3%\" data-681-768=\"0 2%\" data-680=\"0 6%\">\n\t<div class=\"mkdf-eh-item-inner\">\n\t\t<div class=\"mkdf-eh-item-content mkdf-eh-custom-4050\" style=\"padding: 0 15%\">\n\t\t\t\t\t<\/div>\n\t<\/div>\n<\/div><\/div>[\/vc_column][\/vc_row][vc_row row_content_width=&#8221;grid&#8221; content_text_aligment=&#8221;center&#8221; css=&#8221;.vc_custom_1600684041981{padding-top: 30px !important;padding-bottom: 5px !important;}&#8221;][vc_column]<div class=\"mkdf-elements-holder   mkdf-one-column  mkdf-responsive-mode-768 \" ><div class=\"mkdf-eh-item    \"  data-item-class=\"mkdf-eh-custom-3028\" data-1025-1366=\"0 17%\" data-769-1024=\"0 3%\" data-681-768=\"0 2%\" data-680=\"0 6%\">\n\t<div class=\"mkdf-eh-item-inner\">\n\t\t<div class=\"mkdf-eh-item-content mkdf-eh-custom-3028\" style=\"padding: 0 15%\">\n\t\t\t\t\t<\/div>\n\t<\/div>\n<\/div><\/div>[\/vc_column][\/vc_row][vc_row gap=&#8221;25&#8243; content_placement=&#8221;middle&#8221; row_content_width=&#8221;grid&#8221; css=&#8221;.vc_custom_1599210199650{margin-bottom: 55px !important;}&#8221;][vc_column width=&#8221;1\/2&#8243;][vc_column_text]<\/p>\n<ul>\n<li>Dolor als tendons: tan si \u00e9s un dolor associat a la teva activitat a l\u2019activitat que fas o despr\u00e9s d\u2019un cop o una caiguda.<\/li>\n<li>Si surts a c\u00f3rrer i notes les cames feixugues.<\/li>\n<li>Si has disminu\u00eft el rendiment, encara no t\u2019hagis lesionat.<\/li>\n<li>Si creus que entrenes molt i els resultats no s\u2019ajusten a l\u2019esfor\u00e7 que realitzes.<\/li>\n<li>Si vols optimitzar l\u2019esfor\u00e7 quan t\u2019entrenes i no lesionar-te.<\/li>\n<\/ul>\n<p>[\/vc_column_text][vc_empty_space height=&#8221;25px&#8221;]<a itemprop=\"url\" href=\"https:\/\/www.mgsalutintegral.com\/ca\/contacte\/\" target=\"_self\"  class=\"mkdf-btn mkdf-btn-medium mkdf-btn-solid mkdf-btn-custom-hover-bg mkdf-btn-custom-border-hover\" data-hover-bg-color=\"#e85196\" data-hover-border-color=\"#e85196\" >\n    <span class=\"mkdf-btn-text\">Demanar Cita<\/span>\n    <\/a>[\/vc_column][\/vc_row][vc_row row_content_width=&#8221;grid&#8221; content_text_aligment=&#8221;center&#8221; css=&#8221;.vc_custom_1600684041981{padding-top: 30px !important;padding-bottom: 5px !important;}&#8221;][vc_column]<div class=\"mkdf-elements-holder   mkdf-one-column  mkdf-responsive-mode-768 \" ><div class=\"mkdf-eh-item    \"  data-item-class=\"mkdf-eh-custom-8713\" data-1025-1366=\"0 17%\" data-769-1024=\"0 3%\" data-681-768=\"0 2%\" data-680=\"0 6%\">\n\t<div class=\"mkdf-eh-item-inner\">\n\t\t<div class=\"mkdf-eh-item-content mkdf-eh-custom-8713\" style=\"padding: 0 15%\">\n\t\t\t\t\t<\/div>\n\t<\/div>\n<\/div><\/div>[\/vc_column][\/vc_row][vc_row row_content_width=&#8221;grid&#8221; content_text_aligment=&#8221;center&#8221; css=&#8221;.vc_custom_1600684052082{padding-top: 30px !important;padding-bottom: 5px !important;}&#8221;][vc_column]<div class=\"mkdf-elements-holder   mkdf-one-column  mkdf-responsive-mode-768 \" ><div class=\"mkdf-eh-item    \"  data-item-class=\"mkdf-eh-custom-2786\" data-1025-1366=\"0 17%\" data-769-1024=\"0 3%\" data-681-768=\"0 2%\" data-680=\"0 6%\">\n\t<div class=\"mkdf-eh-item-inner\">\n\t\t<div class=\"mkdf-eh-item-content mkdf-eh-custom-2786\" style=\"padding: 0 15%\">\n\t\t\t<div class=\"mkdf-section-title-holder  mkdf-st-standard mkdf-st-title-left mkdf-st-normal-space \" style=\"text-align: center\">\n\t<div class=\"mkdf-st-inner\">\n\t\t\t\t\t<h2 class=\"mkdf-st-title\" >\n\t\t\t\tFISIOTER\u00c0PIA DERMATOFUNCIONAL\t\t\t<\/h2>\n\t\t                    <div class=\"mkdf-separator-holder clearfix  mkdf-separator-center \">\n\t<div class=\"mkdf-separator\" style=\"border-color: #0189b9;width: 60px;border-bottom-width: 5px;margin-top: 16px;margin-bottom: 13px\"><\/div>\n<\/div>\n        \t\t\t<\/div>\n<\/div>\t\t<\/div>\n\t<\/div>\n<\/div><\/div>[\/vc_column][\/vc_row][vc_row gap=&#8221;25&#8243; content_placement=&#8221;middle&#8221; row_content_width=&#8221;grid&#8221; css=&#8221;.vc_custom_1599210199650{margin-bottom: 55px !important;}&#8221;][vc_column width=&#8221;1\/2&#8243;][vc_single_image image=&#8221;6429&#8243; img_size=&#8221;full&#8221; alignment=&#8221;center&#8221; css=&#8221;.vc_custom_1600681593651{margin-top: 30px !important;}&#8221;][\/vc_column][vc_column width=&#8221;1\/2&#8243;][vc_column_text css=&#8221;&#8221;]<\/p>\n<ul>\n<li>Cicatrius.<\/li>\n<li>Ja siguin hipotr\u00f2fiques o hipertr\u00f2fiques, les cicatrius, a m\u00e9s a m\u00e9s d&#8217;antiest\u00e8tiques, poden limitar la mobilitat o causar mol\u00e8sties o dolor.<\/li>\n<li>Cel\u00b7lulitis, flacciditat o un plec de greix que ja et molesta.<\/li>\n<li>Si vols fer-te un lifting facial amb efecte b\u00f3tox de forma totalment natural.<\/li>\n<\/ul>\n<p>[\/vc_column_text][vc_empty_space height=&#8221;25px&#8221;]<a itemprop=\"url\" href=\"https:\/\/www.mgsalutintegral.com\/ca\/contacte\/\" target=\"_self\"  class=\"mkdf-btn mkdf-btn-medium mkdf-btn-solid mkdf-btn-custom-hover-bg mkdf-btn-custom-border-hover\" data-hover-bg-color=\"#e85196\" data-hover-border-color=\"#e85196\" >\n    <span class=\"mkdf-btn-text\">Demanar Cita<\/span>\n    <\/a>[\/vc_column][\/vc_row][vc_row row_content_width=&#8221;grid&#8221; content_text_aligment=&#8221;center&#8221; css=&#8221;.vc_custom_1600684058449{padding-top: 30px !important;padding-bottom: 5px !important;}&#8221;][vc_column][\/vc_column][\/vc_row][vc_row row_content_width=&#8221;grid&#8221; content_text_aligment=&#8221;center&#8221; css=&#8221;.vc_custom_1600684058449{padding-top: 30px !important;padding-bottom: 5px !important;}&#8221;][vc_column]<div class=\"mkdf-elements-holder   mkdf-one-column  mkdf-responsive-mode-768 \" ><div class=\"mkdf-eh-item    \"  data-item-class=\"mkdf-eh-custom-3398\" data-1025-1366=\"0 17%\" data-769-1024=\"0 3%\" data-681-768=\"0 2%\" data-680=\"0 6%\">\n\t<div class=\"mkdf-eh-item-inner\">\n\t\t<div class=\"mkdf-eh-item-content mkdf-eh-custom-3398\" style=\"padding: 0 15%\">\n\t\t\t\t\t<\/div>\n\t<\/div>\n<\/div><\/div>[\/vc_column][\/vc_row][vc_row gap=&#8221;25&#8243; content_placement=&#8221;middle&#8221; row_content_width=&#8221;grid&#8221; css=&#8221;.vc_custom_1600684019057{margin-bottom: 55px !important;}&#8221;][vc_column width=&#8221;1\/2&#8243;][vc_empty_space height=&#8221;25px&#8221;]<a itemprop=\"url\" href=\"https:\/\/www.mgsalutintegral.com\/ca\/contacte\/\" target=\"_self\"  class=\"mkdf-btn mkdf-btn-medium mkdf-btn-solid mkdf-btn-custom-hover-bg mkdf-btn-custom-border-hover\" data-hover-bg-color=\"#e85196\" data-hover-border-color=\"#e85196\" >\n    <span class=\"mkdf-btn-text\">Demanar Cita<\/span>\n    <\/a>[\/vc_column][\/vc_row]<\/p>\n<\/div>","protected":false},"excerpt":{"rendered":"<p>[vc_row gap=&#8221;25&#8243; row_content_width=&#8221;grid&#8221; simple_background_color=&#8221;#ffffff&#8221; css=&#8221;.vc_custom_1600679651246{margin-top: 60px !important;}&#8221;][vc_column css=&#8221;.vc_custom_1600679543889{margin-left: 0px !important;padding-left: 0px !important;}&#8221; offset=&#8221;vc_col-lg-6&#8243;][vc_column_text] QUAN PODEU CONSULTAR-NOS? A MG Salut Integral, la PREVENCI\u00d3 \u00e9s la nostra m\u00e0xima i la principal filosofia de feina. Per\u00f2, per desgr\u00e0cia, moltes de vegades ens oblidam d\u2019aquest pilar tan important, o apareixen causes traum\u00e0tiques dif\u00edcils de controlar o prevenir. En ocasions dubtam sobre si, davant una situaci\u00f3 concreta, haur\u00edem de consultar un metge, un fisioterapeuta o [&hellip;]<\/p>\n","protected":false},"author":6,"featured_media":0,"parent":0,"menu_order":0,"comment_status":"closed","ping_status":"closed","template":"full-width.php","meta":{"_joinchat":[],"footnotes":""},"class_list":["post-6472","page","type-page","status-publish","hentry"],"aioseo_notices":[],"_links":{"self":[{"href":"https:\/\/www.mgsalutintegral.com\/ca\/wp-json\/wp\/v2\/pages\/6472","targetHints":{"allow":["GET"]}}],"collection":[{"href":"https:\/\/www.mgsalutintegral.com\/ca\/wp-json\/wp\/v2\/pages"}],"about":[{"href":"https:\/\/www.mgsalutintegral.com\/ca\/wp-json\/wp\/v2\/types\/page"}],"author":[{"embeddable":true,"href":"https:\/\/www.mgsalutintegral.com\/ca\/wp-json\/wp\/v2\/users\/6"}],"replies":[{"embeddable":true,"href":"https:\/\/www.mgsalutintegral.com\/ca\/wp-json\/wp\/v2\/comments?post=6472"}],"version-history":[{"count":8,"href":"https:\/\/www.mgsalutintegral.com\/ca\/wp-json\/wp\/v2\/pages\/6472\/revisions"}],"predecessor-version":[{"id":6786,"href":"https:\/\/www.mgsalutintegral.com\/ca\/wp-json\/wp\/v2\/pages\/6472\/revisions\/6786"}],"wp:attachment":[{"href":"https:\/\/www.mgsalutintegral.com\/ca\/wp-json\/wp\/v2\/media?parent=6472"}],"curies":[{"name":"wp","href":"https:\/\/api.w.org\/{rel}","templated":true}]}}