{"id":6425,"date":"2020-10-22T12:22:17","date_gmt":"2020-10-22T10:22:17","guid":{"rendered":"https:\/\/www.mgsalutintegral.com\/?page_id=6425"},"modified":"2025-05-19T12:52:55","modified_gmt":"2025-05-19T10:52:55","slug":"fisioterapia-dermatofuncional","status":"publish","type":"page","link":"https:\/\/www.mgsalutintegral.com\/ca\/fisioterapia-dermatofuncional\/","title":{"rendered":"Fisioter\u00e0pia dermatofuncional"},"content":{"rendered":"<div class=\"wpb-content-wrapper\"><p>[vc_row row_content_width=&#8221;grid&#8221; css=&#8221;.vc_custom_1599137843697{padding-top: 85px !important;padding-bottom: 60px !important;}&#8221; simple_background_color=&#8221;#f2f2f2&#8243;][vc_column offset=&#8221;vc_col-lg-offset-0 vc_col-lg-12&#8243;]<div class=\"mkdf-section-title-holder  mkdf-st-standard mkdf-st-title-left mkdf-st-normal-space \" style=\"text-align: center\">\n\t<div class=\"mkdf-st-inner\">\n\t\t\t\t\t<h2 class=\"mkdf-st-title\" >\n\t\t\t\tT\u2019ajudam a tenir cura del teu interior per a accelerar la regeneraci\u00f3 cel\u00b7lular i perqu\u00e8 obtenguis beneficis est\u00e8tics\t\t\t<\/h2>\n\t\t                    <div class=\"mkdf-separator-holder clearfix  mkdf-separator-center \">\n\t<div class=\"mkdf-separator\" style=\"border-color: #0189b9;border-style: solid;width: 40px;border-bottom-width: 5px;margin-top: 24px;margin-bottom: 14px\"><\/div>\n<\/div>\n        \t\t\t<\/div>\n<\/div>[vc_empty_space height=&#8221;28px&#8221;]<div class=\"mkdf-call-to-action-holder  mkdf-simple-layout \">\n\t<div class=\"mkdf-cta-inner \">\n\t\t<div class=\"mkdf-cta-text-holder\">\n\t\t\t<div class=\"mkdf-cta-text\">\n<h4>\u201cTracta b\u00e9 el teu interior i els efectes es veuran a l\u2019exterior, perqu\u00e8, cercant la salut, la bellesa apareix com a conseq\u00fc\u00e8ncia.\u201d<\/h4>\n<\/div>\n\t\t<\/div>\n\t\t<div class=\"mkdf-cta-button-holder\" >\n\t\t\t<div class=\"mkdf-cta-button\"><a itemprop=\"url\" href=\"https:\/\/www.mgsalutintegral.com\/ca\/contacte\/\" target=\"_self\" style=\"color: #ffffff;background-color: #0189b9\" class=\"mkdf-btn mkdf-btn-medium mkdf-btn-solid mkdf-btn-custom-hover-bg mkdf-btn-custom-border-hover mkdf-btn-custom-hover-color\" data-hover-color=\"#ffffff\" data-hover-bg-color=\"#0172a3\" data-hover-border-color=\"#01749e\" >    <span class=\"mkdf-btn-text\">Demanar Cita<\/span>    <\/a><\/div>\n\t\t<\/div>\n\t<\/div>\n<\/div>[\/vc_column][\/vc_row][vc_row gap=&#8221;30&#8243; content_placement=&#8221;middle&#8221; row_content_width=&#8221;grid&#8221; content_text_aligment=&#8221;left&#8221; css=&#8221;.vc_custom_1599139883661{margin-top: 30px !important;margin-bottom: 30px !important;}&#8221;][vc_column offset=&#8221;vc_col-lg-6&#8243;][vc_single_image image=&#8221;6286&#8243; img_size=&#8221;full&#8221; alignment=&#8221;center&#8221;][\/vc_column][vc_column offset=&#8221;vc_col-lg-6&#8243;][vc_column_text]<\/p>\n<h3><strong>Qu\u00e8 significa tenir cura de l\u2019interior per a veure beneficis a l\u2019exterior ?<\/strong><\/h3>\n<p>La fisioter\u00e0pia dermatofuncional es basa en t\u00e8cniques de fisioter\u00e0pia per a tractar la pell, reparant teixits i retornant-los la funci\u00f3 natural. Gr\u00e0cies a aix\u00f2, pots millorar en benestar i qualitat de vida, a m\u00e9s d\u2019aconseguir beneficis est\u00e8tics.<\/p>\n<p>La pell \u00e9s un \u00f2rgan de vital import\u00e0ncia. \u00c9s una barrera immunit\u00e0ria, absorbeix subst\u00e0ncies, t\u00e9 una funci\u00f3 reparadora i autoreguladora de la temperatura\u2026 Tenir-ne cura es tradueix en un major benestar general.<\/p>\n<p>[\/vc_column_text][\/vc_column][\/vc_row][vc_row gap=&#8221;30&#8243; content_placement=&#8221;middle&#8221; row_content_width=&#8221;grid&#8221; content_text_aligment=&#8221;left&#8221; css=&#8221;.vc_custom_1599139883661{margin-top: 30px !important;margin-bottom: 30px !important;}&#8221;][vc_column offset=&#8221;vc_col-lg-6&#8243;][vc_column_text]<\/p>\n<h3><strong>Introduint nova tecnologia per a millors resultats<\/strong><\/h3>\n<p>Hi ha avan\u00e7os t\u00e8cnics que suposen una gran ajuda per a tu i per a nosaltres. I la tecarter\u00e0pia n\u2019\u00e9s un.<\/p>\n<p>Aquest tractament consisteix en l\u2019aplicaci\u00f3 de radiofreq\u00fc\u00e8ncia a trav\u00e9s d\u2019un equip sobre la zona a tractar per a augmentar el metabolisme cel\u00b7lular, l\u2019aportaci\u00f3 d\u2019oxigen i el drenatge o \u201cneteja\u201d. Aix\u00f2 es tradueix en un increment de de la temperatura dels teixits i n\u2019accelera la recuperaci\u00f3.<\/p>\n<p>\u00c9s segura, indolora i no invasiva. I ofereix grans resultats per a tractar alguns problemes musculars, articulars i est\u00e8tics.<\/p>\n<p>Els nostres equips de tecarter\u00e0pia s\u00f3n de Capenergy Medical, <a href=\"https:\/\/www.google.com\/url?q=http:\/\/www.capenergy.com\/es\/&amp;sa=D&amp;ust=1600177765531000&amp;usg=AFQjCNEE7UsnxBchA0gH8FFEIWqAPFx_Rw\">www.capenergy.com\/es\/<\/a> una empresa espanyola amb totes les certificacions necess\u00e0ries i amb nombrosos reconeixements dins el sector.<\/p>\n<p>[\/vc_column_text][\/vc_column][vc_column offset=&#8221;vc_col-lg-6&#8243;][vc_single_image image=&#8221;6285&#8243; img_size=&#8221;full&#8221;][\/vc_column][\/vc_row][vc_row gap=&#8221;30&#8243; content_placement=&#8221;middle&#8221; row_content_width=&#8221;grid&#8221; content_text_aligment=&#8221;left&#8221; css=&#8221;.vc_custom_1599139883661{margin-top: 30px !important;margin-bottom: 30px !important;}&#8221;][vc_column offset=&#8221;vc_col-lg-6&#8243;][vc_single_image image=&#8221;6142&#8243; img_size=&#8221;full&#8221;][\/vc_column][vc_column offset=&#8221;vc_col-lg-6&#8243;][vc_column_text]<\/p>\n<h3><strong>Qu\u00e8 podem tractar amb radiofreq\u00fc\u00e8ncia?<\/strong><\/h3>\n<p>Amb el pas dels anys, es redueix la producci\u00f3 de col\u00b7lagen i d\u2019elastina a la pell, per aquest motiu apareixen les arrugues i la flacciditat.<\/p>\n<p>Mitjan\u00e7ant la radiofreq\u00fc\u00e8ncia podem actuar sobre els components fonamentals d\u2019una pell sana: el col\u00b7lagen i l\u2019elastina. Aix\u00ed s\u2019aconsegueix una major oxigenaci\u00f3 i permeabilitat i s\u2019afavoreix l\u2019absorci\u00f3 d\u2019altres tractaments cosm\u00e8tics.<\/p>\n<p>El resultat final \u00e9s una pell m\u00e9s llisa i ferma amb efectes duradors, de forma natural, indolora i no invasiva.<\/p>\n<p>[\/vc_column_text][vc_empty_space height=&#8221;28px&#8221;]<a itemprop=\"url\" href=\"https:\/\/www.mgsalutintegral.com\/ca\/contacte\/\" target=\"_self\" style=\"background-color: #0189b9\" class=\"mkdf-btn mkdf-btn-medium mkdf-btn-solid mkdf-btn-custom-hover-bg mkdf-btn-custom-border-hover\" data-hover-bg-color=\"#01729b\" data-hover-border-color=\"#015ba0\" >\n    <span class=\"mkdf-btn-text\">Demanar Cita<\/span>\n    <\/a>[\/vc_column][\/vc_row][vc_row gap=&#8221;30&#8243; content_placement=&#8221;middle&#8221; row_content_width=&#8221;grid&#8221; content_text_aligment=&#8221;left&#8221; css=&#8221;.vc_custom_1599139883661{margin-top: 30px !important;margin-bottom: 30px !important;}&#8221;][vc_column offset=&#8221;vc_col-lg-6&#8243;][vc_column_text]<\/p>\n<h4>Alguns dels tractaments que podem fer s\u00f3n:<\/h4>\n<ul>\n<li>Cicatrius (queloides, falta de cicatritzaci\u00f3\u2026) i acne.<\/li>\n<li>Pre i post-operatoris de cirurgia pl\u00e0stica (tant est\u00e8tica com reparadora).<\/li>\n<li>Complicacions derivades de cirurgies (inflamaci\u00f3, hematomes, adher\u00e8ncies, fibrosi\u2026)<\/li>\n<li>Cremades.<\/li>\n<li>Cel\u00b7lulitis.<\/li>\n<li>Greix localitzat.<\/li>\n<\/ul>\n<p>[\/vc_column_text][vc_empty_space height=&#8221;20px&#8221;][vc_single_image image=&#8221;5691&#8243; img_size=&#8221;full&#8221;][\/vc_column][vc_column offset=&#8221;vc_col-lg-6&#8243;][vc_column_text]<\/p>\n<h4>A l\u2019entorn facial \u00e9s pot aplicar per a:<\/h4>\n<ul>\n<li>Reducci\u00f3 de bosses en els ulls.<\/li>\n<li>Extracci\u00f3 de boles de Bichat: bichectomia o reafirmaci\u00f3 de l\u2019oval facial. N\u2019HEM DE PARLAR<\/li>\n<li>Reafirmaci\u00f3 de la pell en el coll i escot.<\/li>\n<li>Atenuaci\u00f3 de les l\u00ednies d\u2019expressi\u00f3.<\/li>\n<li>Cura de malalties de la pell com ros\u00e0cia, psoriasi o \u00e8czemes.<\/li>\n<li>Rejoveniment facial.<\/li>\n<\/ul>\n<h4>A l\u2019entorn corporal, algunes de les aplicacions s\u00f3n per a:<\/h4>\n<ul>\n<li>Refermament d\u2019abdomen, bra\u00e7os, glutis, cuixes i cames.<\/li>\n<li>Reducci\u00f3 d\u2019abdomen, bra\u00e7os, glutis, cuixes i cames.<\/li>\n<li>Atenuaci\u00f3 de la di\u00e0stasi abdominal.<\/li>\n<li>Cura del limfoedema.<\/li>\n<\/ul>\n<p>[\/vc_column_text][\/vc_column][\/vc_row][vc_row content_placement=&#8221;top&#8221; row_content_width=&#8221;grid&#8221; css=&#8221;.vc_custom_1599140505741{padding-top: 100px !important;padding-bottom: 77px !important;}&#8221; simple_background_color=&#8221;#fafafa&#8221; el_class=&#8221;mkd-booking-custom-class&#8221;][vc_column offset=&#8221;vc_col-lg-offset-0 vc_col-lg-8 vc_col-md-offset-0 vc_col-md-12 vc_col-sm-offset-0&#8243;][vc_column_text]<\/p>\n<h3><strong>QUIN PREU T\u00c9 AQUEST SERVEI?<\/strong><\/h3>\n<p>Contacta amb nosaltres per a m\u00e9s informaci\u00f3. Els preus s\u2019estableixen segons la classe de tractament, de la zona afectada i el temps necessari per a dur-lo a terme.<\/p>\n<p>Disposam de bons de 5 i 10 sessions amb condicions especials.<\/p>\n<p>Pr\u00e8viament a qualsevol tractament dermatofuncional es realitzar\u00e0 una primera visita informativa de valoraci\u00f3 inicial sense cap cost.<\/p>\n<p>[\/vc_column_text][vc_empty_space height=&#8221;20px&#8221;][vc_column_text]<\/p>\n<h3><strong>VOLS TORNAR A SENTIR-TE B\u00c9?<\/strong><\/h3>\n<h5><em>El nostre comprom\u00eds \u00e9s total. Si est\u00e0s disposat a posar-te en marxa, escriu-nos.<\/em><\/h5>\n<p>[\/vc_column_text][\/vc_column][vc_column offset=&#8221;vc_col-lg-offset-0 vc_col-lg-4 vc_col-md-offset-0 vc_col-md-6 vc_col-sm-offset-0&#8243;]\n<div class=\"wpcf7 no-js\" id=\"wpcf7-f6391-o1\" lang=\"en-US\" dir=\"ltr\" data-wpcf7-id=\"6391\">\n<div class=\"screen-reader-response\"><p role=\"status\" aria-live=\"polite\" aria-atomic=\"true\"><\/p> <ul><\/ul><\/div>\n<form action=\"\/ca\/wp-json\/wp\/v2\/pages\/6425#wpcf7-f6391-o1\" method=\"post\" class=\"wpcf7-form init\" aria-label=\"Contact form\" novalidate=\"novalidate\" data-status=\"init\">\n<fieldset class=\"hidden-fields-container\"><input type=\"hidden\" name=\"_wpcf7\" value=\"6391\" \/><input type=\"hidden\" name=\"_wpcf7_version\" value=\"6.1.5\" \/><input type=\"hidden\" name=\"_wpcf7_locale\" value=\"en_US\" \/><input type=\"hidden\" name=\"_wpcf7_unit_tag\" value=\"wpcf7-f6391-o1\" \/><input type=\"hidden\" name=\"_wpcf7_container_post\" value=\"0\" \/><input type=\"hidden\" name=\"_wpcf7_posted_data_hash\" value=\"\" \/><input type=\"hidden\" name=\"_wpcf7_recaptcha_response\" value=\"\" \/>\n<\/fieldset>\n<div class=\"mkdf-booking-form light at4BookingForm\">\n\t<div>\n\t\t<div class=\"mkdf-bf-motto\">\n\t\t\t<h6>Demanar Cita\n\t\t\t<\/h6>\n\t\t<\/div>\n\t\t<div class=\"mkdf-bf-title\">\n\t\t\t<h5>Ens hi posam?\n\t\t\t<\/h5>\n\t\t<\/div>\n\t\t<div class=\"mkdf-grid-row mkdf-grid-tiny-gutter\">\n\t\t\t<p>Sol\u00b7licita la teva cita en l\u00ednia accedint al nostre formulari de cita pr\u00e8via\n\t\t\t<\/p>\n\t\t\t<div>\n\t\t\t\t<p><a id=\"submit_comment\" class=\"btnSubmit\" href=\"https:\/\/www.mgsalutintegral.com\/ca\/contacte\/\">Demanar Cita<\/a>\n\t\t\t\t<\/p>\n\t\t\t<\/div>\n\t\t<\/div>\n\t<\/div>\n<\/div><div class=\"wpcf7-response-output\" aria-hidden=\"true\"><\/div>\n<\/form>\n<\/div>\n[\/vc_column][\/vc_row]<\/p>\n<\/div>","protected":false},"excerpt":{"rendered":"<p>[vc_row row_content_width=&#8221;grid&#8221; css=&#8221;.vc_custom_1599137843697{padding-top: 85px !important;padding-bottom: 60px !important;}&#8221; simple_background_color=&#8221;#f2f2f2&#8243;][vc_column offset=&#8221;vc_col-lg-offset-0 vc_col-lg-12&#8243;][vc_empty_space height=&#8221;28px&#8221;][\/vc_column][\/vc_row][vc_row gap=&#8221;30&#8243; content_placement=&#8221;middle&#8221; row_content_width=&#8221;grid&#8221; content_text_aligment=&#8221;left&#8221; css=&#8221;.vc_custom_1599139883661{margin-top: 30px !important;margin-bottom: 30px !important;}&#8221;][vc_column offset=&#8221;vc_col-lg-6&#8243;][vc_single_image image=&#8221;6286&#8243; img_size=&#8221;full&#8221; alignment=&#8221;center&#8221;][\/vc_column][vc_column offset=&#8221;vc_col-lg-6&#8243;][vc_column_text] Qu\u00e8 significa tenir cura de l\u2019interior per a veure beneficis a l\u2019exterior ? La fisioter\u00e0pia dermatofuncional es basa en t\u00e8cniques de fisioter\u00e0pia per a tractar la pell, reparant teixits i retornant-los la funci\u00f3 natural. Gr\u00e0cies a aix\u00f2, pots millorar en benestar i qualitat de vida, [&hellip;]<\/p>\n","protected":false},"author":6,"featured_media":0,"parent":0,"menu_order":0,"comment_status":"closed","ping_status":"closed","template":"full-width.php","meta":{"_joinchat":[],"footnotes":""},"class_list":["post-6425","page","type-page","status-publish","hentry"],"aioseo_notices":[],"_links":{"self":[{"href":"https:\/\/www.mgsalutintegral.com\/ca\/wp-json\/wp\/v2\/pages\/6425","targetHints":{"allow":["GET"]}}],"collection":[{"href":"https:\/\/www.mgsalutintegral.com\/ca\/wp-json\/wp\/v2\/pages"}],"about":[{"href":"https:\/\/www.mgsalutintegral.com\/ca\/wp-json\/wp\/v2\/types\/page"}],"author":[{"embeddable":true,"href":"https:\/\/www.mgsalutintegral.com\/ca\/wp-json\/wp\/v2\/users\/6"}],"replies":[{"embeddable":true,"href":"https:\/\/www.mgsalutintegral.com\/ca\/wp-json\/wp\/v2\/comments?post=6425"}],"version-history":[{"count":5,"href":"https:\/\/www.mgsalutintegral.com\/ca\/wp-json\/wp\/v2\/pages\/6425\/revisions"}],"predecessor-version":[{"id":7023,"href":"https:\/\/www.mgsalutintegral.com\/ca\/wp-json\/wp\/v2\/pages\/6425\/revisions\/7023"}],"wp:attachment":[{"href":"https:\/\/www.mgsalutintegral.com\/ca\/wp-json\/wp\/v2\/media?parent=6425"}],"curies":[{"name":"wp","href":"https:\/\/api.w.org\/{rel}","templated":true}]}}