{"id":6394,"date":"2020-10-22T11:14:11","date_gmt":"2020-10-22T09:14:11","guid":{"rendered":"https:\/\/www.mgsalutintegral.com\/?page_id=6394"},"modified":"2026-01-04T21:50:18","modified_gmt":"2026-01-04T20:50:18","slug":"fisioterapia","status":"publish","type":"page","link":"https:\/\/www.mgsalutintegral.com\/ca\/fisioterapia\/","title":{"rendered":"Fisioter\u00e0pia"},"content":{"rendered":"<div class=\"wpb-content-wrapper\"><p>[vc_row row_content_width=&#8221;grid&#8221; css=&#8221;.vc_custom_1599137843697{padding-top: 85px !important;padding-bottom: 60px !important;}&#8221; simple_background_color=&#8221;#f2f2f2&#8243;][vc_column offset=&#8221;vc_col-lg-offset-0 vc_col-lg-12&#8243;]<div class=\"mkdf-section-title-holder  mkdf-st-standard mkdf-st-title-left mkdf-st-normal-space \" style=\"text-align: center\">\n\t<div class=\"mkdf-st-inner\">\n\t\t\t\t\t<h2 class=\"mkdf-st-title\" >\n\t\t\t\tMG Salut Integral. T\u2019ajudam a millorar en qualitat de vida i a recuperar-te de mol\u00e8sties f\u00edsiques i de lesions cr\u00f2niques.\t\t\t<\/h2>\n\t\t                    <div class=\"mkdf-separator-holder clearfix  mkdf-separator-center \">\n\t<div class=\"mkdf-separator\" style=\"border-color: #0189b9;border-style: solid;width: 40px;border-bottom-width: 5px;margin-top: 24px;margin-bottom: 14px\"><\/div>\n<\/div>\n        \t\t\t<\/div>\n<\/div>[vc_empty_space height=&#8221;28px&#8221;]<div class=\"mkdf-call-to-action-holder  mkdf-simple-layout \">\n\t<div class=\"mkdf-cta-inner \">\n\t\t<div class=\"mkdf-cta-text-holder\">\n\t\t\t<div class=\"mkdf-cta-text\">\n<h4>\u201cEl moviment \u00e9s vida. El moviment complet i funcional \u00e9s la base de la salut\u201d<\/h4>\n<\/div>\n\t\t<\/div>\n\t\t<div class=\"mkdf-cta-button-holder\" >\n\t\t\t<div class=\"mkdf-cta-button\"><a itemprop=\"url\" href=\"https:\/\/www.mgsalutintegral.com\/ca\/contacte\/\" target=\"_self\" style=\"color: #ffffff;background-color: #0189b9\" class=\"mkdf-btn mkdf-btn-medium mkdf-btn-solid mkdf-btn-custom-hover-bg mkdf-btn-custom-border-hover mkdf-btn-custom-hover-color\" data-hover-color=\"#ffffff\" data-hover-bg-color=\"#017ba8\" data-hover-border-color=\"#0178a3\" >    <span class=\"mkdf-btn-text\">DEMANAR CITA<\/span>    <\/a><\/div>\n\t\t<\/div>\n\t<\/div>\n<\/div>[\/vc_column][\/vc_row][vc_row gap=&#8221;30&#8243; content_placement=&#8221;middle&#8221; row_content_width=&#8221;grid&#8221; content_text_aligment=&#8221;left&#8221; css=&#8221;.vc_custom_1599139883661{margin-top: 30px !important;margin-bottom: 30px !important;}&#8221;][vc_column offset=&#8221;vc_col-lg-6&#8243;][vc_single_image image=&#8221;6324&#8243; img_size=&#8221;full&#8221; alignment=&#8221;center&#8221;][\/vc_column][vc_column offset=&#8221;vc_col-lg-6&#8243;][vc_column_text]<\/p>\n<h3><strong>Treballar des de la salut per a prevenir la malaltia<\/strong><\/h3>\n<p>A molts de fisioterapeutes ens formaren per a treballar des de la malaltia. \u00c9s a dir, per a tractar els problemes f\u00edsics quan apareixen.<\/p>\n<p>Per\u00f2, i si les eines que coneixem les posam a fer feina sobre els pilars de la salut abans que aquesta se\u2019n vegi afectada?<\/p>\n<p>Nosaltres creiem en un canvi de paradigma i d\u2019aquest convenciment n\u2019hem fet la base de la nostra feina. Consideram la fisioter\u00e0pia com una professi\u00f3 enfocada en la prevenci\u00f3, en lloc d\u2019usar-la sol com a alleujament dels problemes ja existents.<\/p>\n<p>Si recorres a la fisioter\u00e0pia per a prevenir l\u2019aparici\u00f3 dels problemes, no haur\u00e0s d\u2019utilitzar-la despr\u00e9s per a la rehabilitaci\u00f3 quan apareixen.[\/vc_column_text][\/vc_column][\/vc_row][vc_row gap=&#8221;30&#8243; content_placement=&#8221;middle&#8221; row_content_width=&#8221;grid&#8221; content_text_aligment=&#8221;left&#8221; css=&#8221;.vc_custom_1599139887701{margin-top: 30px !important;margin-bottom: 30px !important;}&#8221;][vc_column offset=&#8221;vc_col-lg-6&#8243;][vc_column_text]<\/p>\n<h3><strong>Com treballam a MG Salut Integral?<\/strong><\/h3>\n<p>\u00c9s possible que alguna vegada hagis assistit a ter\u00e0pia i no hagis aconseguit els resultats que esperaves. Aix\u00f2 sol passar quan el tractament es limita a pal\u00b7liar s\u00edmptomes.<\/p>\n<p>En MG Salut Integral comptam amb un valor diferencial pel qual treballam cada dia i per al qual ens formam cont\u00ednuament: l\u2019efic\u00e0cia.<\/p>\n<p>Per a complir amb aquest comprom\u00eds, realitzam sempre una exhaustiva hist\u00f2ria cl\u00ednica, estudiam les proves diagn\u00f2stiques (quan n\u2019hi ha) i realitzam una exploraci\u00f3 f\u00edsica est\u00e0tica i din\u00e0mica. Despr\u00e9s d\u2019aquests passos, feim un diagn\u00f2stic fisioterap\u00e8utic i tra\u00e7am un pla de tractament personalitzat.<\/p>\n<p>Tot aix\u00f2 es du a terme mitjan\u00e7ant t\u00e8cniques manuals i noves tecnologies com la tecarter\u00e0pia.[\/vc_column_text][\/vc_column][vc_column offset=&#8221;vc_col-lg-6&#8243;][vc_single_image image=&#8221;5756&#8243; img_size=&#8221;full&#8221;][\/vc_column][\/vc_row][vc_row gap=&#8221;20&#8243; content_placement=&#8221;bottom&#8221; row_content_width=&#8221;grid&#8221; content_text_aligment=&#8221;left&#8221; css=&#8221;.vc_custom_1599139963683{margin-bottom: 50px !important;}&#8221;][vc_column offset=&#8221;vc_col-lg-6&#8243;][vc_column_text]<\/p>\n<h3>M\u00c9S DETALLS<\/h3>\n<ul>\n<li>Som especialistes en control motriu i an\u00e0lisi del moviment: identificam les irregularitats en el moviment que poden afavorir que et lesionis, perpetuant la lesi\u00f3 o disminuint el teu rendiment.<\/li>\n<li>Treballam l\u2019ATM (articulaci\u00f3 temporomandibular) a l\u2019\u00e0mbit espec\u00edfic i tamb\u00e9 a l\u2019\u00e0mbit global dins de les seves influ\u00e8ncies corporals.<\/li>\n<li>Estam formats en ter\u00e0pia miofascial amb Andrzej Pilat (referent mundial en el tema).<\/li>\n<li>Tenim formaci\u00f3 en el concepte Sohier de reharmonitzaci\u00f3 articular.<\/li>\n<li>Aplicam pilates terap\u00e8utic i exercicis hipopressius.<\/li>\n<\/ul>\n<p>[\/vc_column_text][\/vc_column][vc_column offset=&#8221;vc_col-lg-6&#8243;][vc_column_text]<\/p>\n<ul>\n<li>Dissenyam taules d\u2019exercici terap\u00e8utic personalitzades.<\/li>\n<li>Tenim experts en fisioter\u00e0pia pedi\u00e0trica.<\/li>\n<li>Treballam amb esportistes a tots els nivells: des de la prevenci\u00f3, fins a la recuperaci\u00f3 i la readaptaci\u00f3 esportiva. Tamb\u00e9 comptam amb una n<u>utricionista esportiva<\/u>.<\/li>\n<li>Tenim contacte directe amb altres especialistes como fisioterapeutes de s\u00f2l pelvi\u00e0, comares, pod\u00f2legs, psic\u00f2legs, odont\u00f2legs\u2026 per si fos necessari completar el teu tractament.<\/li>\n<li>Som especialistes en <u>tecarter\u00e0pia<\/u>.<\/li>\n<li>Podem fer-te un seguiment durant l\u2019embar\u00e0s per a ajudar la teva columna i la pelvis a adaptar-se millor als canvis fisiol\u00f2gics i posturals.<\/li>\n<\/ul>\n<p>[\/vc_column_text][\/vc_column][\/vc_row][vc_row][vc_column][vc_column_text]<\/p>\n<p>[\/vc_column_text][\/vc_column][\/vc_row][vc_row content_placement=&#8221;top&#8221; row_content_width=&#8221;grid&#8221; css=&#8221;.vc_custom_1599140341915{padding-top: 100px !important;padding-bottom: 77px !important;}&#8221; simple_background_color=&#8221;#fafafa&#8221; el_class=&#8221;mkd-booking-custom-class&#8221;][vc_column offset=&#8221;vc_col-lg-offset-0 vc_col-lg-4 vc_col-md-offset-0 vc_col-md-6 vc_col-sm-offset-0&#8243;]\n<div class=\"wpcf7 no-js\" id=\"wpcf7-f6391-o1\" lang=\"en-US\" dir=\"ltr\" data-wpcf7-id=\"6391\">\n<div class=\"screen-reader-response\"><p role=\"status\" aria-live=\"polite\" aria-atomic=\"true\"><\/p> <ul><\/ul><\/div>\n<form action=\"\/ca\/wp-json\/wp\/v2\/pages\/6394#wpcf7-f6391-o1\" method=\"post\" class=\"wpcf7-form init\" aria-label=\"Contact form\" novalidate=\"novalidate\" data-status=\"init\">\n<fieldset class=\"hidden-fields-container\"><input type=\"hidden\" name=\"_wpcf7\" value=\"6391\" \/><input type=\"hidden\" name=\"_wpcf7_version\" value=\"6.1.5\" \/><input type=\"hidden\" name=\"_wpcf7_locale\" value=\"en_US\" \/><input type=\"hidden\" name=\"_wpcf7_unit_tag\" value=\"wpcf7-f6391-o1\" \/><input type=\"hidden\" name=\"_wpcf7_container_post\" value=\"0\" \/><input type=\"hidden\" name=\"_wpcf7_posted_data_hash\" value=\"\" \/><input type=\"hidden\" name=\"_wpcf7_recaptcha_response\" value=\"\" \/>\n<\/fieldset>\n<div class=\"mkdf-booking-form light at4BookingForm\">\n\t<div>\n\t\t<div class=\"mkdf-bf-motto\">\n\t\t\t<h6>Demanar Cita\n\t\t\t<\/h6>\n\t\t<\/div>\n\t\t<div class=\"mkdf-bf-title\">\n\t\t\t<h5>Ens hi posam?\n\t\t\t<\/h5>\n\t\t<\/div>\n\t\t<div class=\"mkdf-grid-row mkdf-grid-tiny-gutter\">\n\t\t\t<p>Sol\u00b7licita la teva cita en l\u00ednia accedint al nostre formulari de cita pr\u00e8via\n\t\t\t<\/p>\n\t\t\t<div>\n\t\t\t\t<p><a id=\"submit_comment\" class=\"btnSubmit\" href=\"https:\/\/www.mgsalutintegral.com\/ca\/contacte\/\">Demanar Cita<\/a>\n\t\t\t\t<\/p>\n\t\t\t<\/div>\n\t\t<\/div>\n\t<\/div>\n<\/div><div class=\"wpcf7-response-output\" aria-hidden=\"true\"><\/div>\n<\/form>\n<\/div>\n[vc_empty_space height=&#8221;62px&#8221;][\/vc_column][\/vc_row]<\/p>\n<\/div>","protected":false},"excerpt":{"rendered":"<p>[vc_row row_content_width=&#8221;grid&#8221; css=&#8221;.vc_custom_1599137843697{padding-top: 85px !important;padding-bottom: 60px !important;}&#8221; simple_background_color=&#8221;#f2f2f2&#8243;][vc_column offset=&#8221;vc_col-lg-offset-0 vc_col-lg-12&#8243;][vc_empty_space height=&#8221;28px&#8221;][\/vc_column][\/vc_row][vc_row gap=&#8221;30&#8243; content_placement=&#8221;middle&#8221; row_content_width=&#8221;grid&#8221; content_text_aligment=&#8221;left&#8221; css=&#8221;.vc_custom_1599139883661{margin-top: 30px !important;margin-bottom: 30px !important;}&#8221;][vc_column offset=&#8221;vc_col-lg-6&#8243;][vc_single_image image=&#8221;6324&#8243; img_size=&#8221;full&#8221; alignment=&#8221;center&#8221;][\/vc_column][vc_column offset=&#8221;vc_col-lg-6&#8243;][vc_column_text] Treballar des de la salut per a prevenir la malaltia A molts de fisioterapeutes ens formaren per a treballar des de la malaltia. \u00c9s a dir, per a tractar els problemes f\u00edsics quan apareixen. Per\u00f2, i si les eines que coneixem les posam a fer [&hellip;]<\/p>\n","protected":false},"author":6,"featured_media":0,"parent":0,"menu_order":0,"comment_status":"closed","ping_status":"closed","template":"full-width.php","meta":{"_joinchat":[],"footnotes":""},"class_list":["post-6394","page","type-page","status-publish","hentry"],"aioseo_notices":[],"_links":{"self":[{"href":"https:\/\/www.mgsalutintegral.com\/ca\/wp-json\/wp\/v2\/pages\/6394","targetHints":{"allow":["GET"]}}],"collection":[{"href":"https:\/\/www.mgsalutintegral.com\/ca\/wp-json\/wp\/v2\/pages"}],"about":[{"href":"https:\/\/www.mgsalutintegral.com\/ca\/wp-json\/wp\/v2\/types\/page"}],"author":[{"embeddable":true,"href":"https:\/\/www.mgsalutintegral.com\/ca\/wp-json\/wp\/v2\/users\/6"}],"replies":[{"embeddable":true,"href":"https:\/\/www.mgsalutintegral.com\/ca\/wp-json\/wp\/v2\/comments?post=6394"}],"version-history":[{"count":7,"href":"https:\/\/www.mgsalutintegral.com\/ca\/wp-json\/wp\/v2\/pages\/6394\/revisions"}],"predecessor-version":[{"id":7064,"href":"https:\/\/www.mgsalutintegral.com\/ca\/wp-json\/wp\/v2\/pages\/6394\/revisions\/7064"}],"wp:attachment":[{"href":"https:\/\/www.mgsalutintegral.com\/ca\/wp-json\/wp\/v2\/media?parent=6394"}],"curies":[{"name":"wp","href":"https:\/\/api.w.org\/{rel}","templated":true}]}}